{"id":46,"date":"2023-08-20T16:18:14","date_gmt":"2023-08-20T14:18:14","guid":{"rendered":"https:\/\/www.bublu.ch\/?page_id=46"},"modified":"2025-07-01T15:47:21","modified_gmt":"2025-07-01T13:47:21","slug":"ueber-mich","status":"publish","type":"page","link":"https:\/\/www.bublu.ch\/?page_id=46","title":{"rendered":"Bublu"},"content":{"rendered":"\n<p><strong>LEBE DEINEN TRAUM!<\/strong><\/p>\n\n\n\n<p><\/p>\n\n\n\n<p><strong>BUBLU<\/strong> kommt von <strong>BU<\/strong>nte <strong>BLU<\/strong>mengestecke.<br><br>Mit Bublu erf\u00fclle ich mir einen langj\u00e4hrigen Traum. Neben meinen <a href=\"http:\/\/www.gl\u00fcckchenf\u00fcller.ch\" data-type=\"link\" data-id=\"www.gl\u00fcckchenf\u00fcller.ch\">Postkarten-Illustrationen<\/a> und <a href=\"http:\/\/www.kopfsprung.ch\" data-type=\"link\" data-id=\"www.kopfsprung.ch\">gemalten Kunstwerken<\/a> kreiere ich sehr gerne florale Objekte aus Trockenblumen.<br><br>In den Sommerferien 2023 ist die Idee gereift, auch ohne eigenen Laden meine Blumenkr\u00e4nze und Gestecke zu verkaufen. <br>Ich vertrieb von September 2023 bis Mai 2025 im Gl\u00fcckchenf\u00fcller Kursraum in Turgi bei Baden meine floralen Kreationen. Nun liegen die Trockenblumengestecke in einem Lagerraum im D\u00f6rnr\u00f6schenschlaf, im Herbst werden sie wieder erweckt und in meinem Laden &#171;<a href=\"http:\/\/ZURZEIT.CH\">ZURZEIT<\/a>&#187; in Brugg verkauft. <br><br>Du m\u00f6chtest schon vor der Ladener\u00f6ffnung ein Trockenblumenobjekt kaufen? Dann freue ich mich auf eine Anfrage per Mail: <a href=\"mailto:hallo@bublu.ch\">hallo@bublu.ch<\/a>. <br><br>Blumige Gr\u00fcsse, Mirjam<br><br><\/p>\n\n\n\n<figure class=\"wp-block-image size-large\"><img loading=\"lazy\" decoding=\"async\" width=\"1024\" height=\"1024\" src=\"https:\/\/www.bublu.ch\/wp-content\/uploads\/2023\/08\/IMG_0471-1-1024x1024.jpg\" alt=\"\" class=\"wp-image-107\" srcset=\"https:\/\/www.bublu.ch\/wp-content\/uploads\/2023\/08\/IMG_0471-1-1024x1024.jpg 1024w, https:\/\/www.bublu.ch\/wp-content\/uploads\/2023\/08\/IMG_0471-1-300x300.jpg 300w, https:\/\/www.bublu.ch\/wp-content\/uploads\/2023\/08\/IMG_0471-1-150x150.jpg 150w, https:\/\/www.bublu.ch\/wp-content\/uploads\/2023\/08\/IMG_0471-1-768x768.jpg 768w, https:\/\/www.bublu.ch\/wp-content\/uploads\/2023\/08\/IMG_0471-1-1536x1536.jpg 1536w, https:\/\/www.bublu.ch\/wp-content\/uploads\/2023\/08\/IMG_0471-1-2048x2048.jpg 2048w, https:\/\/www.bublu.ch\/wp-content\/uploads\/2023\/08\/IMG_0471-1-468x468.jpg 468w, https:\/\/www.bublu.ch\/wp-content\/uploads\/2023\/08\/IMG_0471-1-1612x1612.jpg 1612w, https:\/\/www.bublu.ch\/wp-content\/uploads\/2023\/08\/IMG_0471-1-1116x1116.jpg 1116w, https:\/\/www.bublu.ch\/wp-content\/uploads\/2023\/08\/IMG_0471-1-806x806.jpg 806w, https:\/\/www.bublu.ch\/wp-content\/uploads\/2023\/08\/IMG_0471-1-558x558.jpg 558w, https:\/\/www.bublu.ch\/wp-content\/uploads\/2023\/08\/IMG_0471-1-655x655.jpg 655w, https:\/\/www.bublu.ch\/wp-content\/uploads\/2023\/08\/IMG_0471-1-600x600.jpg 600w, https:\/\/www.bublu.ch\/wp-content\/uploads\/2023\/08\/IMG_0471-1-220x220.jpg 220w\" sizes=\"auto, (max-width: 1024px) 100vw, 1024px\" \/><\/figure>\n\n\n\n<figure class=\"wp-block-image size-large\"><img loading=\"lazy\" decoding=\"async\" width=\"1024\" height=\"1024\" src=\"https:\/\/www.bublu.ch\/wp-content\/uploads\/2025\/07\/IMG_2203-1-1024x1024.jpg\" alt=\"\" class=\"wp-image-224\" srcset=\"https:\/\/www.bublu.ch\/wp-content\/uploads\/2025\/07\/IMG_2203-1-1024x1024.jpg 1024w, https:\/\/www.bublu.ch\/wp-content\/uploads\/2025\/07\/IMG_2203-1-300x300.jpg 300w, https:\/\/www.bublu.ch\/wp-content\/uploads\/2025\/07\/IMG_2203-1-150x150.jpg 150w, https:\/\/www.bublu.ch\/wp-content\/uploads\/2025\/07\/IMG_2203-1-768x768.jpg 768w, https:\/\/www.bublu.ch\/wp-content\/uploads\/2025\/07\/IMG_2203-1-468x468.jpg 468w, https:\/\/www.bublu.ch\/wp-content\/uploads\/2025\/07\/IMG_2203-1-1116x1116.jpg 1116w, https:\/\/www.bublu.ch\/wp-content\/uploads\/2025\/07\/IMG_2203-1-806x806.jpg 806w, https:\/\/www.bublu.ch\/wp-content\/uploads\/2025\/07\/IMG_2203-1-558x558.jpg 558w, https:\/\/www.bublu.ch\/wp-content\/uploads\/2025\/07\/IMG_2203-1-655x655.jpg 655w, https:\/\/www.bublu.ch\/wp-content\/uploads\/2025\/07\/IMG_2203-1-600x600.jpg 600w, https:\/\/www.bublu.ch\/wp-content\/uploads\/2025\/07\/IMG_2203-1-220x220.jpg 220w, https:\/\/www.bublu.ch\/wp-content\/uploads\/2025\/07\/IMG_2203-1.jpg 1125w\" sizes=\"auto, (max-width: 1024px) 100vw, 1024px\" \/><\/figure>\n\n\n\n<figure class=\"wp-block-image size-large\"><img loading=\"lazy\" decoding=\"async\" width=\"1024\" height=\"1024\" src=\"https:\/\/www.bublu.ch\/wp-content\/uploads\/2025\/07\/IMG_3442-1-1024x1024.jpg\" alt=\"\" class=\"wp-image-226\" srcset=\"https:\/\/www.bublu.ch\/wp-content\/uploads\/2025\/07\/IMG_3442-1-1024x1024.jpg 1024w, https:\/\/www.bublu.ch\/wp-content\/uploads\/2025\/07\/IMG_3442-1-300x300.jpg 300w, https:\/\/www.bublu.ch\/wp-content\/uploads\/2025\/07\/IMG_3442-1-150x150.jpg 150w, https:\/\/www.bublu.ch\/wp-content\/uploads\/2025\/07\/IMG_3442-1-768x768.jpg 768w, https:\/\/www.bublu.ch\/wp-content\/uploads\/2025\/07\/IMG_3442-1-1536x1536.jpg 1536w, https:\/\/www.bublu.ch\/wp-content\/uploads\/2025\/07\/IMG_3442-1-2048x2048.jpg 2048w, https:\/\/www.bublu.ch\/wp-content\/uploads\/2025\/07\/IMG_3442-1-468x468.jpg 468w, https:\/\/www.bublu.ch\/wp-content\/uploads\/2025\/07\/IMG_3442-1-1612x1612.jpg 1612w, https:\/\/www.bublu.ch\/wp-content\/uploads\/2025\/07\/IMG_3442-1-1116x1116.jpg 1116w, https:\/\/www.bublu.ch\/wp-content\/uploads\/2025\/07\/IMG_3442-1-806x806.jpg 806w, https:\/\/www.bublu.ch\/wp-content\/uploads\/2025\/07\/IMG_3442-1-558x558.jpg 558w, https:\/\/www.bublu.ch\/wp-content\/uploads\/2025\/07\/IMG_3442-1-655x655.jpg 655w, https:\/\/www.bublu.ch\/wp-content\/uploads\/2025\/07\/IMG_3442-1-600x600.jpg 600w, https:\/\/www.bublu.ch\/wp-content\/uploads\/2025\/07\/IMG_3442-1-220x220.jpg 220w\" sizes=\"auto, (max-width: 1024px) 100vw, 1024px\" \/><\/figure>\n\n\n\n<p><\/p>\n","protected":false},"excerpt":{"rendered":"<p>LEBE DEINEN TRAUM! BUBLU kommt von BUnte BLUmengestecke. Mit Bublu erf\u00fclle ich mir einen langj\u00e4hrigen Traum. Neben meinen Postkarten-Illustrationen und gemalten Kunstwerken kreiere ich sehr gerne florale Objekte aus Trockenblumen. In den Sommerferien 2023 ist die Idee gereift, auch ohne eigenen Laden meine Blumenkr\u00e4nze und Gestecke zu verkaufen. Ich vertrieb von September 2023 bis Mai&hellip;<\/p>\n","protected":false},"author":1,"featured_media":0,"parent":0,"menu_order":0,"comment_status":"closed","ping_status":"closed","template":"","meta":{"_acf_changed":false,"jetpack_post_was_ever_published":false,"footnotes":""},"class_list":["post-46","page","type-page","status-publish","hentry"],"acf":[],"jetpack_sharing_enabled":true,"_links":{"self":[{"href":"https:\/\/www.bublu.ch\/index.php?rest_route=\/wp\/v2\/pages\/46","targetHints":{"allow":["GET"]}}],"collection":[{"href":"https:\/\/www.bublu.ch\/index.php?rest_route=\/wp\/v2\/pages"}],"about":[{"href":"https:\/\/www.bublu.ch\/index.php?rest_route=\/wp\/v2\/types\/page"}],"author":[{"embeddable":true,"href":"https:\/\/www.bublu.ch\/index.php?rest_route=\/wp\/v2\/users\/1"}],"replies":[{"embeddable":true,"href":"https:\/\/www.bublu.ch\/index.php?rest_route=%2Fwp%2Fv2%2Fcomments&post=46"}],"version-history":[{"count":15,"href":"https:\/\/www.bublu.ch\/index.php?rest_route=\/wp\/v2\/pages\/46\/revisions"}],"predecessor-version":[{"id":228,"href":"https:\/\/www.bublu.ch\/index.php?rest_route=\/wp\/v2\/pages\/46\/revisions\/228"}],"wp:attachment":[{"href":"https:\/\/www.bublu.ch\/index.php?rest_route=%2Fwp%2Fv2%2Fmedia&parent=46"}],"curies":[{"name":"wp","href":"https:\/\/api.w.org\/{rel}","templated":true}]}}